{"id":2780,"date":"2020-05-12T10:26:58","date_gmt":"2020-05-12T08:26:58","guid":{"rendered":"http:\/\/www.lesdeuxvallees.com\/camping-gorges-du-tarn\/"},"modified":"2021-01-26T11:26:50","modified_gmt":"2021-01-26T10:26:50","slug":"campsite-gorges-du-tarn","status":"publish","type":"page","link":"https:\/\/www.lesdeuxvallees.com\/en\/campsite-gorges-du-tarn\/","title":{"rendered":"Alentours : Gorges du Tarn"},"content":{"rendered":"<section id=\"section-5eba62539809c\"\" class=\"section bg-white\" \/><div class=\"container extralarge\"><div class=\"colonnes-wrap valign-middle \"><div class=\"element colonne \"><div class=\"element images scroll-x-mobile\"><div class=\"image images_image\"><img decoding=\"async\" src=\"\" data-src=\"https:\/\/www.lesdeuxvallees.com\/wp-content\/uploads\/2020\/06\/gorge-du-tarn.jpg\" alt=\"gorge du tarn\" class=\"\" \/><\/div><\/div><div class=\"element images scroll-x-mobile\"><div class=\"image images_image\"><img decoding=\"async\" src=\"\" data-src=\"https:\/\/www.lesdeuxvallees.com\/wp-content\/uploads\/2020\/06\/camping-gorge-du-tarn.jpg\" alt=\"camping gorge du tarn\" class=\"\" \/><\/div><\/div><\/div><div class=\"element colonne \"><h1 class=\"element section-title left deco m-b-3\">Camping Gorges du Tarn<\/h1><h2 class=\"element section-title left color2 m-t-3\">The gorges of the Tarn near the campsite <\/h2><div class=\"element bloc-text justify supperpose supperpose-left bg-white p-x-3 p-y-1 m-0\">\n\t<p>Near the <a href=\"\/en\/\">camping Aveyronnais<\/a>, you can admire the very famous <a href=\"https:\/\/www.tourism-occitanie.co.uk\/mountains\/major-sites-mountains\" target=\"_blank\" rel=\"noopener\">Gorges du Tarn<\/a>.<\/p>\n<p>They are located at about 45 minutes by car from the campsite les 2 Vall\u00e9es and they offer you a magnificent viewpoint. <\/p>\n<p>It is a unique landscape created by <strong class=\"bold color2\">Mother Nature<\/strong>.<\/p>\n<p>The Tarn and the Jonte, these 2 rivers which take their sources respectively at the Mont Loz\u00e8re and the Mont Aigoual, have created <strong class=\"bold color2\">real canyons<\/strong> between the Causses Noir, M\u00e9jean and Sauveterre thus making the superb Gorges of the Tarn and the Jonte. You will certainly appreciate these majestic gorges. <\/p>\n<p><strong class=\"bold color2\">For a total change of scenery !<\/strong><\/p>\n<\/div><\/div><\/div><\/div><\/section>\n\n<section id=\"section-map\"\" class=\"section bg-white p-t-0 p-b-0\" \/><div class=\"container full\"><div class=\"carte\" data-src=\"https:\/\/www.google.com\/maps\/embed?pb=!1m28!1m12!1m3!1d183312.88269239757!2d3.0207805384134776!3d44.11918081853081!2m3!1f0!2f0!3f0!3m2!1i1024!2i768!4f13.1!4m13!3e0!4m5!1s0x12b3c706fe782625%3A0x1f37eff69f773917!2sCamping%20les%202%20Vall%C3%A9es%20en%20Aveyron%2C%20Route%20de%20L&#39;estrade%20Basse%2C%2012230%20Nant!3m2!1d44.01728!2d3.301246!4m5!1s0x12b3afbcb6d7121d%3A0x72266d9dc5024a5c!2sGorges%20du%20Tarn%2C%20Saint-Pierre-des-Tripiers!3m2!1d44.230241899999996!2d3.2342!5e0!3m2!1sfr!2sfr!4v1591090906607!5m2!1sfr!2sfr\"><\/div><\/div><\/section>\n\n<section id=\"section-bar\"\" class=\"section bg-white\" \/><div class=\"container extralarge\"><div class=\"colonnes-wrap valign-middle m-b-4\"><div class=\"element colonne \"><h2 class=\"element section-title left color2 m-t-3\">Ideal campsite to visit the Gorges du Tarn<\/h2><div class=\"element bloc-text justify supperpose supperpose-right bg-white p-x-3 p-y-1 m-0\">\n\t<p>A <strong class=\"bold color2\">remarkable natural heritage<\/strong> visited by many tourists: the Gorges du Tarn!<\/p>\n<p>Only a few kilometres from the campsite, you can observe the Gorges of the Tarn and Jonte directly from the road or from a path or the river. <\/p>\n<p>Of course, we advise you to make a <strong class=\"bold color2\">descent by canoe<\/strong>, by boat or with the boatmen in order to be able to contemplate at best this exceptional environment.<\/p>\n<p>Another good idea that we give you: why not go to some <strong class=\"bold color2\">panoramas to observe this preserved natural landscape<\/strong> ? <\/p>\n<p>The point of view is perfect there and it is also the opportunity to make some <strong class=\"bold color2\">pretty souvenir photos<\/strong>.<\/p>\n<\/div><\/div><div class=\"element colonne \"><div class=\"element images scroll-x-mobile\"><div class=\"image images_image\"><img decoding=\"async\" src=\"\" data-src=\"https:\/\/www.lesdeuxvallees.com\/wp-content\/uploads\/2021\/01\/gorges-tarn-kayak.jpg\" alt=\"visite gorge-du-tarn\" class=\"\" \/><\/div><\/div><\/div><\/div><div class=\"colonnes-wrap valign-middle \"><div class=\"element colonne \"><div class=\"element images scroll-x-mobile\"><div class=\"image images_image\"><img decoding=\"async\" src=\"\" data-src=\"https:\/\/www.lesdeuxvallees.com\/wp-content\/uploads\/2021\/01\/canoe-gorges-tarn.jpg\" alt=\"d\u00e9couverte gorge-du-tarn\" class=\"\" \/><\/div><\/div><\/div><div class=\"element colonne \"><h2 class=\"element section-title left color2 m-t-3\">A place out of time<\/h2><div class=\"element bloc-text justify supperpose supperpose-left bg-white p-x-3 p-y-1 m-0\">\n\t<p><strong class=\"bold color2\">Tarn and Jonte Gorges<\/strong> : a great site to discover during your holidays.<\/p>\n<p>For the amateurs of <strong class=\"bold color2\">sports-nature<\/strong> and <strong class=\"bold color2\">sensations fortes<\/strong>, you have the possibility to admire this beautiful natural heritage by trying several activities such as paragliding, gliding or even bungee jumping.<\/p>\n<p>The discovery of these magnificent gorges can be done on foot by taking <strong class=\"bold color2\">hiking paths<\/strong> which will allow you to visit remote hamlets or ancient villages. <\/p>\n<p>To get as close as possible to nature and get away from it all during your <strong class=\"bold color2\">stay in Aveyron<\/strong> ! <\/p>\n<\/div><\/div><\/div><\/div><\/section>\n\n<section id=\"section-5eba6d412bb23\"\" class=\"section bg-white p-t-0 p-b-0\" \/><div class=\"container full\"><div class=\"element images scroll-x-mobile\"><div class=\"image images_image\"><img decoding=\"async\" src=\"\" data-src=\"https:\/\/www.lesdeuxvallees.com\/wp-content\/uploads\/2020\/06\/camping-au-gorge-du-tarn.jpg\" alt=\"camping au gorge-du-tarn\" class=\"\" \/><\/div><\/div><\/div><\/section>\n\n<section id=\"section-dejeuner\"\" class=\"section bg-white\" \/><div class=\"container extralarge\"><div class=\"colonnes-wrap valign-middle \"><div class=\"element colonne \"><div class=\"element images scroll-x-mobile\"><div class=\"image images_image\"><img decoding=\"async\" src=\"\" data-src=\"https:\/\/www.lesdeuxvallees.com\/wp-content\/uploads\/2020\/06\/campin-proche-gorge-du-tarn.jpg\" alt=\"camping proche gorge-du-tarn\" class=\"\" \/><\/div><\/div><\/div><div class=\"element colonne \"><h2 class=\"element section-title left color2 m-t-3\">What to see \/ do in the Gorges du Tarn<\/h2><div class=\"element bloc-text justify supperpose supperpose-left bg-white p-x-3 p-y-1 m-0\">\n\t<p>Here are the places to see absolutely during your passage in the Gorges of the Tarn:<\/p>\n<ul>\n<li><strong class=\"bold color2\">Sainte-Enimie<\/strong> : superb medieval village all in stone, classified among the most beautiful villages in France<\/li>\n<li><strong class=\"bold color2\">Meyrueis<\/strong> : charming village of Lozere, animated during the summer season<\/li>\n<li><strong class=\"bold color2\">Many typical villages of the region<\/strong> : La Mal\u00e8ne, Ispagnac, Qu\u00e9zac, Saint Ch\u00e9ly du Tarn, Montbrun, Le Truel, les Douzes, Hauterives, and many more&#8230;<\/li>\n<li><strong class=\"bold color2\">The Vulture House<\/strong> : a current and interesting museographic journey to learn a little more about these birds of prey to be protected.\n<li><strong class=\"bold color2\">The Boatmen of the Gorges of the Tarn and Jonte<\/strong> : for a boat trip in a magical place<\/li>\n<li><strong class=\"bold color2\">Various sports activities<\/strong>: canyoning, caving, via-ferrata, climbing, mountain biking, etc&#8230; <\/li>\n<\/ul>\n<p>More excellent advice not to miss anything of the Gorges of the Tarn and the Jonte !<\/p>\n<\/div><\/div><\/div><\/div><\/section>\n\n<section id=\"section-5eba6d412c466\"\" class=\"section bg-color4\" \/><div class=\"container full\"><div class=\"element section-title center deco-white big white\">The surroundings of the gorges du tarn<\/div><ul class=\"liste-de-page scroll-x-mobile\"><li class=\"element call-to-action  call-to-action--style-1 call-to-action--full\"><a href=\"https:\/\/www.lesdeuxvallees.com\/en\/camping-lake-of-pareloup\/\"  class=\"call-to-action_link\" title=\"Find out more about lake pareloup\"><div class=\"call-to-action_image\"><img decoding=\"async\" src=\"\" data-src=\"https:\/\/www.lesdeuxvallees.com\/wp-content\/uploads\/2020\/06\/lac-pareloup.jpg\" alt=\"lac pareloup\" class=\"full\" \/><\/div><div class=\"call-to-action_contenu\"><div class=\"call-to-action_titre\">Lake Pareloup<\/div><\/div><\/a><\/li><li class=\"element call-to-action  call-to-action--style-1 call-to-action--full call-to-action--style-1 call-to-action--full\"><a href=\"https:\/\/www.lesdeuxvallees.com\/en\/camping-rodez\/\"  class=\"call-to-action_link\" title=\"Find out more about rodez\"><div class=\"call-to-action_image\"><img decoding=\"async\" src=\"\" data-src=\"https:\/\/www.lesdeuxvallees.com\/wp-content\/uploads\/2020\/06\/camping-location-rodez.jpg\" alt=\"camping location rodez\" class=\"full\" \/><\/div><div class=\"call-to-action_contenu\"><div class=\"call-to-action_titre\">Rodez<\/div><\/div><\/a><\/li><li class=\"element call-to-action  call-to-action--style-1 call-to-action--full call-to-action--style-1 call-to-action--full call-to-action--style-1 call-to-action--full\"><a href=\"https:\/\/www.lesdeuxvallees.com\/en\/camping-viaduct-of-millau\/\"  class=\"call-to-action_link\" title=\"Find out more about millau\"><div class=\"call-to-action_image\"><img decoding=\"async\" src=\"\" data-src=\"https:\/\/www.lesdeuxvallees.com\/wp-content\/uploads\/2020\/06\/tourisme-millau.jpg\" alt=\"tourisme millau\" class=\"full\" \/><\/div><div class=\"call-to-action_contenu\"><div class=\"call-to-action_titre\">Millau<\/div><\/div><\/a><\/li><\/ul><\/div><\/section>","protected":false},"excerpt":{"rendered":"","protected":false},"author":1,"featured_media":1062,"parent":0,"menu_order":0,"comment_status":"closed","ping_status":"closed","template":"","meta":{"_acf_changed":false,"footnotes":""},"class_list":["post-2780","page","type-page","status-publish","has-post-thumbnail","hentry"],"acf":[],"yoast_head":"<!-- This site is optimized with the Yoast SEO plugin v25.3 - https:\/\/yoast.com\/wordpress\/plugins\/seo\/ -->\n<title>Camping Gorges du Tarn | Swimming pool and mobile home in Gorges du Tarn<\/title>\n<meta name=\"robots\" content=\"index, follow, max-snippet:-1, max-image-preview:large, max-video-preview:-1\" \/>\n<link rel=\"canonical\" href=\"https:\/\/www.lesdeuxvallees.com\/en\/campsite-gorges-du-tarn\/\" \/>\n<meta property=\"og:locale\" content=\"en_US\" \/>\n<meta property=\"og:type\" content=\"article\" \/>\n<meta property=\"og:title\" content=\"Camping Gorges du Tarn | Swimming pool and mobile home in Gorges du Tarn\" \/>\n<meta property=\"og:url\" content=\"https:\/\/www.lesdeuxvallees.com\/en\/campsite-gorges-du-tarn\/\" \/>\n<meta property=\"og:site_name\" content=\"Campsite les 2 Vall\u00e9es\" \/>\n<meta property=\"article:modified_time\" content=\"2021-01-26T10:26:50+00:00\" \/>\n<meta property=\"og:image\" content=\"https:\/\/www.lesdeuxvallees.com\/wp-content\/uploads\/2020\/06\/camping-gorge-tarn.jpg\" \/>\n\t<meta property=\"og:image:width\" content=\"1903\" \/>\n\t<meta property=\"og:image:height\" content=\"450\" \/>\n\t<meta property=\"og:image:type\" content=\"image\/jpeg\" \/>\n<meta name=\"twitter:card\" content=\"summary_large_image\" \/>\n<script type=\"application\/ld+json\" class=\"yoast-schema-graph\">{\"@context\":\"https:\/\/schema.org\",\"@graph\":[{\"@type\":\"WebPage\",\"@id\":\"https:\/\/www.lesdeuxvallees.com\/en\/campsite-gorges-du-tarn\/\",\"url\":\"https:\/\/www.lesdeuxvallees.com\/en\/campsite-gorges-du-tarn\/\",\"name\":\"Camping Gorges du Tarn | Swimming pool and mobile home in Gorges du Tarn\",\"isPartOf\":{\"@id\":\"https:\/\/www.lesdeuxvallees.com\/en\/#website\"},\"primaryImageOfPage\":{\"@id\":\"https:\/\/www.lesdeuxvallees.com\/en\/campsite-gorges-du-tarn\/#primaryimage\"},\"image\":{\"@id\":\"https:\/\/www.lesdeuxvallees.com\/en\/campsite-gorges-du-tarn\/#primaryimage\"},\"thumbnailUrl\":\"https:\/\/www.lesdeuxvallees.com\/wp-content\/uploads\/2020\/06\/camping-gorge-tarn.jpg\",\"datePublished\":\"2020-05-12T08:26:58+00:00\",\"dateModified\":\"2021-01-26T10:26:50+00:00\",\"breadcrumb\":{\"@id\":\"https:\/\/www.lesdeuxvallees.com\/en\/campsite-gorges-du-tarn\/#breadcrumb\"},\"inLanguage\":\"en-US\",\"potentialAction\":[{\"@type\":\"ReadAction\",\"target\":[\"https:\/\/www.lesdeuxvallees.com\/en\/campsite-gorges-du-tarn\/\"]}]},{\"@type\":\"ImageObject\",\"inLanguage\":\"en-US\",\"@id\":\"https:\/\/www.lesdeuxvallees.com\/en\/campsite-gorges-du-tarn\/#primaryimage\",\"url\":\"https:\/\/www.lesdeuxvallees.com\/wp-content\/uploads\/2020\/06\/camping-gorge-tarn.jpg\",\"contentUrl\":\"https:\/\/www.lesdeuxvallees.com\/wp-content\/uploads\/2020\/06\/camping-gorge-tarn.jpg\",\"width\":1903,\"height\":450,\"caption\":\"camping gorge tarn\"},{\"@type\":\"BreadcrumbList\",\"@id\":\"https:\/\/www.lesdeuxvallees.com\/en\/campsite-gorges-du-tarn\/#breadcrumb\",\"itemListElement\":[{\"@type\":\"ListItem\",\"position\":1,\"name\":\"Campsite Aveyron\",\"item\":\"https:\/\/www.lesdeuxvallees.com\/en\/\"},{\"@type\":\"ListItem\",\"position\":2,\"name\":\"Camping Gorges du Tarn\"}]},{\"@type\":\"WebSite\",\"@id\":\"https:\/\/www.lesdeuxvallees.com\/en\/#website\",\"url\":\"https:\/\/www.lesdeuxvallees.com\/en\/\",\"name\":\"Campsite les 2 Vall\u00e9es\",\"description\":\"\",\"potentialAction\":[{\"@type\":\"SearchAction\",\"target\":{\"@type\":\"EntryPoint\",\"urlTemplate\":\"https:\/\/www.lesdeuxvallees.com\/en\/?s={search_term_string}\"},\"query-input\":{\"@type\":\"PropertyValueSpecification\",\"valueRequired\":true,\"valueName\":\"search_term_string\"}}],\"inLanguage\":\"en-US\"}]}<\/script>\n<!-- \/ Yoast SEO plugin. -->","yoast_head_json":{"title":"Camping Gorges du Tarn | Swimming pool and mobile home in Gorges du Tarn","robots":{"index":"index","follow":"follow","max-snippet":"max-snippet:-1","max-image-preview":"max-image-preview:large","max-video-preview":"max-video-preview:-1"},"canonical":"https:\/\/www.lesdeuxvallees.com\/en\/campsite-gorges-du-tarn\/","og_locale":"en_US","og_type":"article","og_title":"Camping Gorges du Tarn | Swimming pool and mobile home in Gorges du Tarn","og_url":"https:\/\/www.lesdeuxvallees.com\/en\/campsite-gorges-du-tarn\/","og_site_name":"Campsite les 2 Vall\u00e9es","article_modified_time":"2021-01-26T10:26:50+00:00","og_image":[{"width":1903,"height":450,"url":"https:\/\/www.lesdeuxvallees.com\/wp-content\/uploads\/2020\/06\/camping-gorge-tarn.jpg","type":"image\/jpeg"}],"twitter_card":"summary_large_image","schema":{"@context":"https:\/\/schema.org","@graph":[{"@type":"WebPage","@id":"https:\/\/www.lesdeuxvallees.com\/en\/campsite-gorges-du-tarn\/","url":"https:\/\/www.lesdeuxvallees.com\/en\/campsite-gorges-du-tarn\/","name":"Camping Gorges du Tarn | Swimming pool and mobile home in Gorges du Tarn","isPartOf":{"@id":"https:\/\/www.lesdeuxvallees.com\/en\/#website"},"primaryImageOfPage":{"@id":"https:\/\/www.lesdeuxvallees.com\/en\/campsite-gorges-du-tarn\/#primaryimage"},"image":{"@id":"https:\/\/www.lesdeuxvallees.com\/en\/campsite-gorges-du-tarn\/#primaryimage"},"thumbnailUrl":"https:\/\/www.lesdeuxvallees.com\/wp-content\/uploads\/2020\/06\/camping-gorge-tarn.jpg","datePublished":"2020-05-12T08:26:58+00:00","dateModified":"2021-01-26T10:26:50+00:00","breadcrumb":{"@id":"https:\/\/www.lesdeuxvallees.com\/en\/campsite-gorges-du-tarn\/#breadcrumb"},"inLanguage":"en-US","potentialAction":[{"@type":"ReadAction","target":["https:\/\/www.lesdeuxvallees.com\/en\/campsite-gorges-du-tarn\/"]}]},{"@type":"ImageObject","inLanguage":"en-US","@id":"https:\/\/www.lesdeuxvallees.com\/en\/campsite-gorges-du-tarn\/#primaryimage","url":"https:\/\/www.lesdeuxvallees.com\/wp-content\/uploads\/2020\/06\/camping-gorge-tarn.jpg","contentUrl":"https:\/\/www.lesdeuxvallees.com\/wp-content\/uploads\/2020\/06\/camping-gorge-tarn.jpg","width":1903,"height":450,"caption":"camping gorge tarn"},{"@type":"BreadcrumbList","@id":"https:\/\/www.lesdeuxvallees.com\/en\/campsite-gorges-du-tarn\/#breadcrumb","itemListElement":[{"@type":"ListItem","position":1,"name":"Campsite Aveyron","item":"https:\/\/www.lesdeuxvallees.com\/en\/"},{"@type":"ListItem","position":2,"name":"Camping Gorges du Tarn"}]},{"@type":"WebSite","@id":"https:\/\/www.lesdeuxvallees.com\/en\/#website","url":"https:\/\/www.lesdeuxvallees.com\/en\/","name":"Campsite les 2 Vall\u00e9es","description":"","potentialAction":[{"@type":"SearchAction","target":{"@type":"EntryPoint","urlTemplate":"https:\/\/www.lesdeuxvallees.com\/en\/?s={search_term_string}"},"query-input":{"@type":"PropertyValueSpecification","valueRequired":true,"valueName":"search_term_string"}}],"inLanguage":"en-US"}]}},"_links":{"self":[{"href":"https:\/\/www.lesdeuxvallees.com\/en\/wp-json\/wp\/v2\/pages\/2780"}],"collection":[{"href":"https:\/\/www.lesdeuxvallees.com\/en\/wp-json\/wp\/v2\/pages"}],"about":[{"href":"https:\/\/www.lesdeuxvallees.com\/en\/wp-json\/wp\/v2\/types\/page"}],"author":[{"embeddable":true,"href":"https:\/\/www.lesdeuxvallees.com\/en\/wp-json\/wp\/v2\/users\/1"}],"replies":[{"embeddable":true,"href":"https:\/\/www.lesdeuxvallees.com\/en\/wp-json\/wp\/v2\/comments?post=2780"}],"version-history":[{"count":6,"href":"https:\/\/www.lesdeuxvallees.com\/en\/wp-json\/wp\/v2\/pages\/2780\/revisions"}],"predecessor-version":[{"id":3184,"href":"https:\/\/www.lesdeuxvallees.com\/en\/wp-json\/wp\/v2\/pages\/2780\/revisions\/3184"}],"wp:featuredmedia":[{"embeddable":true,"href":"https:\/\/www.lesdeuxvallees.com\/en\/wp-json\/wp\/v2\/media\/1062"}],"wp:attachment":[{"href":"https:\/\/www.lesdeuxvallees.com\/en\/wp-json\/wp\/v2\/media?parent=2780"}],"curies":[{"name":"wp","href":"https:\/\/api.w.org\/{rel}","templated":true}]}}