{"id":2413,"date":"2020-05-12T10:26:58","date_gmt":"2020-05-12T08:26:58","guid":{"rendered":"http:\/\/www.lesdeuxvallees.com\/camping-gorges-du-tarn\/"},"modified":"2021-01-26T11:27:37","modified_gmt":"2021-01-26T10:27:37","slug":"campinggorges-du-tarn","status":"publish","type":"page","link":"https:\/\/www.lesdeuxvallees.com\/nl\/campinggorges-du-tarn\/","title":{"rendered":"Alentours : Gorges du Tarn"},"content":{"rendered":"<section id=\"section-5eba62539809c\"\" class=\"section bg-white\" \/><div class=\"container extralarge\"><div class=\"colonnes-wrap valign-middle \"><div class=\"element colonne \"><div class=\"element images scroll-x-mobile\"><div class=\"image images_image\"><img decoding=\"async\" src=\"\" data-src=\"https:\/\/www.lesdeuxvallees.com\/wp-content\/uploads\/2020\/06\/gorge-du-tarn.jpg\" alt=\"gorge du tarn\" class=\"\" \/><\/div><\/div><div class=\"element images scroll-x-mobile\"><div class=\"image images_image\"><img decoding=\"async\" src=\"\" data-src=\"https:\/\/www.lesdeuxvallees.com\/wp-content\/uploads\/2020\/06\/camping-gorge-du-tarn.jpg\" alt=\"camping gorge du tarn\" class=\"\" \/><\/div><\/div><\/div><div class=\"element colonne \"><h1 class=\"element section-title left deco m-b-3\">Camping Gorges du Tarn<\/h1><h2 class=\"element section-title left color2 m-t-3\">De kloven van de Tarn in de buurt van de camping <\/h2><div class=\"element bloc-text justify supperpose supperpose-left bg-white p-x-3 p-y-1 m-0\">\n\t<p>In de buurt van de <a href=\"\/nl\/\">camping Aveyronnais<\/a>, kunt u de zeer beroemde Gorges du Tarn bewonderen.<\/p>\n<p>Ze liggen op ongeveer 45 minuten met de auto van de camping les 2 Vall\u00e9es en bieden u een prachtig uitzicht. <\/p>\n<p>Het is een uniek landschap gecre\u00eberd door <strong class=\"bold color2\">Moeder Natuur<\/strong>.<\/p>\n<p>De Tarn en de Jonte, deze 2 rivieren die hun oorsprong vinden in respectievelijk de Mont Loz\u00e8re en de Mont Aigoual, hebben <strong class=\"bold color2\">real canyons<\/strong> gecre\u00eberd tussen de Causses Noir, M\u00e9jean en Sauveterre waardoor de prachtige Gorges van de Tarn en de Jonte ontstaan. U zult deze majestueuze kloven zeker waarderen. <\/p>\n<p><strong class=\"bold color2\">Voor een totale verandering van omgeving !<\/strong><\/p>\n<\/div><\/div><\/div><\/div><\/section>\n\n<section id=\"section-map\"\" class=\"section bg-white p-t-0 p-b-0\" \/><div class=\"container full\"><div class=\"carte\" data-src=\"https:\/\/www.google.com\/maps\/embed?pb=!1m28!1m12!1m3!1d183312.88269239757!2d3.0207805384134776!3d44.11918081853081!2m3!1f0!2f0!3f0!3m2!1i1024!2i768!4f13.1!4m13!3e0!4m5!1s0x12b3c706fe782625%3A0x1f37eff69f773917!2sCamping%20les%202%20Vall%C3%A9es%20en%20Aveyron%2C%20Route%20de%20L&#39;estrade%20Basse%2C%2012230%20Nant!3m2!1d44.01728!2d3.301246!4m5!1s0x12b3afbcb6d7121d%3A0x72266d9dc5024a5c!2sGorges%20du%20Tarn%2C%20Saint-Pierre-des-Tripiers!3m2!1d44.230241899999996!2d3.2342!5e0!3m2!1sfr!2sfr!4v1591090906607!5m2!1sfr!2sfr\"><\/div><\/div><\/section>\n\n<section id=\"section-bar\"\" class=\"section bg-white\" \/><div class=\"container extralarge\"><div class=\"colonnes-wrap valign-middle m-b-4\"><div class=\"element colonne \"><h2 class=\"element section-title left color2 m-t-3\">Ideale camping om de Gorges du Tarn te bezoeken<\/h2><div class=\"element bloc-text justify supperpose supperpose-right bg-white p-x-3 p-y-1 m-0\">\n\t<p>Een <strong class=\"bold color2\">opvallend natuurlijk erfgoed<\/strong> dat door veel toeristen wordt bezocht: de Gorges du Tarn!<\/p>\n<p>Op slechts enkele kilometers van de camping kunt u de Gorges de la Tarn en de Jonte direct vanaf de weg of vanaf een pad of de rivier observeren. <\/p>\n<p>Uiteraard adviseren wij u om een <strong class=\"bold color2\">daling te maken per kano<\/strong>, per boot of met de schippers om in het beste geval deze uitzonderlijke omgeving te kunnen aanschouwen.<\/p>\n<p>Nog een goed idee dat we u geven: waarom gaat u niet naar een aantal <strong class=\"bold color2\">panorama&#8217;s om dit bewaard gebleven natuurlandschap te observeren<\/strong> ? <\/p>\n<p>Het gezichtspunt is daar perfect en het is ook de gelegenheid om wat <strong class=\"bold color2\">prettige souvenirfoto&#8217;s<\/strong> te maken.<\/p>\n<\/div><\/div><div class=\"element colonne \"><div class=\"element images scroll-x-mobile\"><div class=\"image images_image\"><img decoding=\"async\" src=\"\" data-src=\"https:\/\/www.lesdeuxvallees.com\/wp-content\/uploads\/2021\/01\/gorges-tarn-kayak.jpg\" alt=\"visite gorge-du-tarn\" class=\"\" \/><\/div><\/div><\/div><\/div><div class=\"colonnes-wrap valign-middle \"><div class=\"element colonne \"><div class=\"element images scroll-x-mobile\"><div class=\"image images_image\"><img decoding=\"async\" src=\"\" data-src=\"https:\/\/www.lesdeuxvallees.com\/wp-content\/uploads\/2021\/01\/canoe-gorges-tarn.jpg\" alt=\"d\u00e9couverte gorge-du-tarn\" class=\"\" \/><\/div><\/div><\/div><div class=\"element colonne \"><h2 class=\"element section-title left color2 m-t-3\">Een plaats buiten de tijd<\/h2><div class=\"element bloc-text justify supperpose supperpose-left bg-white p-x-3 p-y-1 m-0\">\n\t<p><strong class=\"bold color2\">Tarn en Jonte Gorges<\/strong> : een geweldige site om te ontdekken tijdens uw vakantie.<\/p>\n<p>Voor de amateurs van <strong class=\"bold color2\">sportnatuur<\/strong> en <strong class=\"bold color2\">sensaties fortes<\/strong> heeft u de mogelijkheid om dit prachtige natuurlijke erfgoed te bewonderen door verschillende activiteiten uit te proberen zoals paragliden, glijden of zelfs bungeejumpen.<\/p>\n<p>De ontdekking van deze prachtige kloven kan te voet gebeuren door het nemen van <strong class=\"bold color2\">wandelpaden<\/strong> die het mogelijk maken om afgelegen gehuchten of oude dorpen te bezoeken. <\/p>\n<p>Om zo dicht mogelijk bij de natuur te komen en er even tussenuit te gaan tijdens je <strong class=\"bold color2\">verblijfsduur in Aveyron<\/strong> ! <\/p>\n<\/div><\/div><\/div><\/div><\/section>\n\n<section id=\"section-5eba6d412bb23\"\" class=\"section bg-white p-t-0 p-b-0\" \/><div class=\"container full\"><div class=\"element images scroll-x-mobile\"><div class=\"image images_image\"><img decoding=\"async\" src=\"\" data-src=\"https:\/\/www.lesdeuxvallees.com\/wp-content\/uploads\/2020\/06\/camping-au-gorge-du-tarn.jpg\" alt=\"camping au gorge-du-tarn\" class=\"\" \/><\/div><\/div><\/div><\/section>\n\n<section id=\"section-dejeuner\"\" class=\"section bg-white\" \/><div class=\"container extralarge\"><div class=\"colonnes-wrap valign-middle \"><div class=\"element colonne \"><div class=\"element images scroll-x-mobile\"><div class=\"image images_image\"><img decoding=\"async\" src=\"\" data-src=\"https:\/\/www.lesdeuxvallees.com\/wp-content\/uploads\/2020\/06\/campin-proche-gorge-du-tarn.jpg\" alt=\"camping proche gorge-du-tarn\" class=\"\" \/><\/div><\/div><\/div><div class=\"element colonne \"><h2 class=\"element section-title left color2 m-t-3\">Wat te zien \/ te doen in de Gorges du Tarn<\/h2><div class=\"element bloc-text justify supperpose supperpose-left bg-white p-x-3 p-y-1 m-0\">\n\t<p>Hier zijn de plaatsen om absoluut te zien tijdens uw passage in de Gorges du Tarn:<\/p>\n<ul>\n<li><strong class=\"bold color2\">Sainte-Enimie<\/strong> : prachtig middeleeuws dorp in steen, geclassificeerd als een van de mooiste dorpen van Frankrijk<\/li>\n<li><strong class=\"bold color2\">Meyrueis<\/strong> : charmant dorpje Lozere, levendig in het zomerseizoen<\/li>\n<li><strong class=\"bold color2\">Verschillende typische dorpen van de regio<\/strong> : La Mal\u00e8ne, Ispagnac, Qu\u00e9zac, Saint Ch\u00e9ly du Tarn, Montbrun, Le Truel, les Douzes, Hauterives, en vele andere&#8230;<\/li>\n<li><strong class=\"bold color2\">Het Gierenhuis<\/strong> : een actuele en interessante museografische reis om wat meer te leren over deze te beschermen roofvogels.<\/li>\n<li><strong class=\"bold color2\">Les Bateliers des Gorges du Tarn et de la Jonte<\/strong> : voor een boottocht op een magische plek.<\/li>\n<li><strong class=\"bold color2\">Diverse sportactiviteiten<\/strong> : canyoning, speleologie, via-ferrata, klimmen, mountainbiken, etc&#8230; <\/li>\n<\/ul>\n<p>Nog meer uitstekend advies om niets te missen van de Gorges of the Tarn en Jonte !<\/p>\n<\/div><\/div><\/div><\/div><\/section>\n\n<section id=\"section-5eba6d412c466\"\" class=\"section bg-color4\" \/><div class=\"container full\"><div class=\"element section-title center deco-white big white\">De omgeving van de Gorges du Tarn<\/div><ul class=\"liste-de-page scroll-x-mobile\"><li class=\"element call-to-action  call-to-action--style-1 call-to-action--full\"><a href=\"https:\/\/www.lesdeuxvallees.com\/nl\/camping-pareloup-meer\/\"  class=\"call-to-action_link\" title=\"Meer informatie over pareloup meer\"><div class=\"call-to-action_image\"><img decoding=\"async\" src=\"\" data-src=\"https:\/\/www.lesdeuxvallees.com\/wp-content\/uploads\/2020\/06\/lac-pareloup.jpg\" alt=\"lac pareloup\" class=\"full\" \/><\/div><div class=\"call-to-action_contenu\"><div class=\"call-to-action_titre\">Pareloup meer<\/div><\/div><\/a><\/li><li class=\"element call-to-action  call-to-action--style-1 call-to-action--full call-to-action--style-1 call-to-action--full\"><a href=\"https:\/\/www.lesdeuxvallees.com\/nl\/camping-rodez\/\"  class=\"call-to-action_link\" title=\"Meer informatie over rodez\"><div class=\"call-to-action_image\"><img decoding=\"async\" src=\"\" data-src=\"https:\/\/www.lesdeuxvallees.com\/wp-content\/uploads\/2020\/06\/camping-location-rodez.jpg\" alt=\"camping location rodez\" class=\"full\" \/><\/div><div class=\"call-to-action_contenu\"><div class=\"call-to-action_titre\">Rodez<\/div><\/div><\/a><\/li><li class=\"element call-to-action  call-to-action--style-1 call-to-action--full call-to-action--style-1 call-to-action--full call-to-action--style-1 call-to-action--full\"><a href=\"https:\/\/www.lesdeuxvallees.com\/nl\/kampeer-viaduc-de-millau\/\"  class=\"call-to-action_link\" title=\"Meer informatie over millau\"><div class=\"call-to-action_image\"><img decoding=\"async\" src=\"\" data-src=\"https:\/\/www.lesdeuxvallees.com\/wp-content\/uploads\/2020\/06\/tourisme-millau.jpg\" alt=\"tourisme millau\" class=\"full\" \/><\/div><div class=\"call-to-action_contenu\"><div class=\"call-to-action_titre\">Millau<\/div><\/div><\/a><\/li><\/ul><\/div><\/section>","protected":false},"excerpt":{"rendered":"","protected":false},"author":1,"featured_media":1061,"parent":0,"menu_order":0,"comment_status":"closed","ping_status":"closed","template":"","meta":{"_acf_changed":false,"footnotes":""},"class_list":["post-2413","page","type-page","status-publish","has-post-thumbnail","hentry"],"acf":[],"yoast_head":"<!-- This site is optimized with the Yoast SEO plugin v25.3 - https:\/\/yoast.com\/wordpress\/plugins\/seo\/ -->\n<title>Camping Gorges du Tarn | Zwembad en mobil-home in Gorges du Tarn<\/title>\n<meta name=\"robots\" content=\"index, follow, max-snippet:-1, max-image-preview:large, max-video-preview:-1\" \/>\n<link rel=\"canonical\" href=\"https:\/\/www.lesdeuxvallees.com\/nl\/campinggorges-du-tarn\/\" \/>\n<meta property=\"og:locale\" content=\"nl_NL\" \/>\n<meta property=\"og:type\" content=\"article\" \/>\n<meta property=\"og:title\" content=\"Camping Gorges du Tarn | Zwembad en mobil-home in Gorges du Tarn\" \/>\n<meta property=\"og:url\" content=\"https:\/\/www.lesdeuxvallees.com\/nl\/campinggorges-du-tarn\/\" \/>\n<meta property=\"og:site_name\" content=\"Camping les 2 Vall\u00e9es\" \/>\n<meta property=\"article:modified_time\" content=\"2021-01-26T10:27:37+00:00\" \/>\n<meta property=\"og:image\" content=\"https:\/\/www.lesdeuxvallees.com\/wp-content\/uploads\/2020\/06\/camping-gorge-tarn.jpg\" \/>\n\t<meta property=\"og:image:width\" content=\"1903\" \/>\n\t<meta property=\"og:image:height\" content=\"450\" \/>\n\t<meta property=\"og:image:type\" content=\"image\/jpeg\" \/>\n<meta name=\"twitter:card\" content=\"summary_large_image\" \/>\n<script type=\"application\/ld+json\" class=\"yoast-schema-graph\">{\"@context\":\"https:\/\/schema.org\",\"@graph\":[{\"@type\":\"WebPage\",\"@id\":\"https:\/\/www.lesdeuxvallees.com\/nl\/campinggorges-du-tarn\/\",\"url\":\"https:\/\/www.lesdeuxvallees.com\/nl\/campinggorges-du-tarn\/\",\"name\":\"Camping Gorges du Tarn | Zwembad en mobil-home in Gorges du Tarn\",\"isPartOf\":{\"@id\":\"https:\/\/www.lesdeuxvallees.com\/nl\/#website\"},\"primaryImageOfPage\":{\"@id\":\"https:\/\/www.lesdeuxvallees.com\/nl\/campinggorges-du-tarn\/#primaryimage\"},\"image\":{\"@id\":\"https:\/\/www.lesdeuxvallees.com\/nl\/campinggorges-du-tarn\/#primaryimage\"},\"thumbnailUrl\":\"https:\/\/www.lesdeuxvallees.com\/wp-content\/uploads\/2020\/06\/camping-gorge-tarn.jpg\",\"datePublished\":\"2020-05-12T08:26:58+00:00\",\"dateModified\":\"2021-01-26T10:27:37+00:00\",\"breadcrumb\":{\"@id\":\"https:\/\/www.lesdeuxvallees.com\/nl\/campinggorges-du-tarn\/#breadcrumb\"},\"inLanguage\":\"nl-NL\",\"potentialAction\":[{\"@type\":\"ReadAction\",\"target\":[\"https:\/\/www.lesdeuxvallees.com\/nl\/campinggorges-du-tarn\/\"]}]},{\"@type\":\"ImageObject\",\"inLanguage\":\"nl-NL\",\"@id\":\"https:\/\/www.lesdeuxvallees.com\/nl\/campinggorges-du-tarn\/#primaryimage\",\"url\":\"https:\/\/www.lesdeuxvallees.com\/wp-content\/uploads\/2020\/06\/camping-gorge-tarn.jpg\",\"contentUrl\":\"https:\/\/www.lesdeuxvallees.com\/wp-content\/uploads\/2020\/06\/camping-gorge-tarn.jpg\",\"width\":1903,\"height\":450,\"caption\":\"camping gorge tarn\"},{\"@type\":\"BreadcrumbList\",\"@id\":\"https:\/\/www.lesdeuxvallees.com\/nl\/campinggorges-du-tarn\/#breadcrumb\",\"itemListElement\":[{\"@type\":\"ListItem\",\"position\":1,\"name\":\"Camping Aveyron\",\"item\":\"https:\/\/www.lesdeuxvallees.com\/nl\/\"},{\"@type\":\"ListItem\",\"position\":2,\"name\":\"Camping Gorges du Tarn\"}]},{\"@type\":\"WebSite\",\"@id\":\"https:\/\/www.lesdeuxvallees.com\/nl\/#website\",\"url\":\"https:\/\/www.lesdeuxvallees.com\/nl\/\",\"name\":\"Camping les 2 Vall\u00e9es\",\"description\":\"\",\"potentialAction\":[{\"@type\":\"SearchAction\",\"target\":{\"@type\":\"EntryPoint\",\"urlTemplate\":\"https:\/\/www.lesdeuxvallees.com\/nl\/?s={search_term_string}\"},\"query-input\":{\"@type\":\"PropertyValueSpecification\",\"valueRequired\":true,\"valueName\":\"search_term_string\"}}],\"inLanguage\":\"nl-NL\"}]}<\/script>\n<!-- \/ Yoast SEO plugin. -->","yoast_head_json":{"title":"Camping Gorges du Tarn | Zwembad en mobil-home in Gorges du Tarn","robots":{"index":"index","follow":"follow","max-snippet":"max-snippet:-1","max-image-preview":"max-image-preview:large","max-video-preview":"max-video-preview:-1"},"canonical":"https:\/\/www.lesdeuxvallees.com\/nl\/campinggorges-du-tarn\/","og_locale":"nl_NL","og_type":"article","og_title":"Camping Gorges du Tarn | Zwembad en mobil-home in Gorges du Tarn","og_url":"https:\/\/www.lesdeuxvallees.com\/nl\/campinggorges-du-tarn\/","og_site_name":"Camping les 2 Vall\u00e9es","article_modified_time":"2021-01-26T10:27:37+00:00","og_image":[{"width":1903,"height":450,"url":"https:\/\/www.lesdeuxvallees.com\/wp-content\/uploads\/2020\/06\/camping-gorge-tarn.jpg","type":"image\/jpeg"}],"twitter_card":"summary_large_image","schema":{"@context":"https:\/\/schema.org","@graph":[{"@type":"WebPage","@id":"https:\/\/www.lesdeuxvallees.com\/nl\/campinggorges-du-tarn\/","url":"https:\/\/www.lesdeuxvallees.com\/nl\/campinggorges-du-tarn\/","name":"Camping Gorges du Tarn | Zwembad en mobil-home in Gorges du Tarn","isPartOf":{"@id":"https:\/\/www.lesdeuxvallees.com\/nl\/#website"},"primaryImageOfPage":{"@id":"https:\/\/www.lesdeuxvallees.com\/nl\/campinggorges-du-tarn\/#primaryimage"},"image":{"@id":"https:\/\/www.lesdeuxvallees.com\/nl\/campinggorges-du-tarn\/#primaryimage"},"thumbnailUrl":"https:\/\/www.lesdeuxvallees.com\/wp-content\/uploads\/2020\/06\/camping-gorge-tarn.jpg","datePublished":"2020-05-12T08:26:58+00:00","dateModified":"2021-01-26T10:27:37+00:00","breadcrumb":{"@id":"https:\/\/www.lesdeuxvallees.com\/nl\/campinggorges-du-tarn\/#breadcrumb"},"inLanguage":"nl-NL","potentialAction":[{"@type":"ReadAction","target":["https:\/\/www.lesdeuxvallees.com\/nl\/campinggorges-du-tarn\/"]}]},{"@type":"ImageObject","inLanguage":"nl-NL","@id":"https:\/\/www.lesdeuxvallees.com\/nl\/campinggorges-du-tarn\/#primaryimage","url":"https:\/\/www.lesdeuxvallees.com\/wp-content\/uploads\/2020\/06\/camping-gorge-tarn.jpg","contentUrl":"https:\/\/www.lesdeuxvallees.com\/wp-content\/uploads\/2020\/06\/camping-gorge-tarn.jpg","width":1903,"height":450,"caption":"camping gorge tarn"},{"@type":"BreadcrumbList","@id":"https:\/\/www.lesdeuxvallees.com\/nl\/campinggorges-du-tarn\/#breadcrumb","itemListElement":[{"@type":"ListItem","position":1,"name":"Camping Aveyron","item":"https:\/\/www.lesdeuxvallees.com\/nl\/"},{"@type":"ListItem","position":2,"name":"Camping Gorges du Tarn"}]},{"@type":"WebSite","@id":"https:\/\/www.lesdeuxvallees.com\/nl\/#website","url":"https:\/\/www.lesdeuxvallees.com\/nl\/","name":"Camping les 2 Vall\u00e9es","description":"","potentialAction":[{"@type":"SearchAction","target":{"@type":"EntryPoint","urlTemplate":"https:\/\/www.lesdeuxvallees.com\/nl\/?s={search_term_string}"},"query-input":{"@type":"PropertyValueSpecification","valueRequired":true,"valueName":"search_term_string"}}],"inLanguage":"nl-NL"}]}},"_links":{"self":[{"href":"https:\/\/www.lesdeuxvallees.com\/nl\/wp-json\/wp\/v2\/pages\/2413"}],"collection":[{"href":"https:\/\/www.lesdeuxvallees.com\/nl\/wp-json\/wp\/v2\/pages"}],"about":[{"href":"https:\/\/www.lesdeuxvallees.com\/nl\/wp-json\/wp\/v2\/types\/page"}],"author":[{"embeddable":true,"href":"https:\/\/www.lesdeuxvallees.com\/nl\/wp-json\/wp\/v2\/users\/1"}],"replies":[{"embeddable":true,"href":"https:\/\/www.lesdeuxvallees.com\/nl\/wp-json\/wp\/v2\/comments?post=2413"}],"version-history":[{"count":10,"href":"https:\/\/www.lesdeuxvallees.com\/nl\/wp-json\/wp\/v2\/pages\/2413\/revisions"}],"predecessor-version":[{"id":3186,"href":"https:\/\/www.lesdeuxvallees.com\/nl\/wp-json\/wp\/v2\/pages\/2413\/revisions\/3186"}],"wp:featuredmedia":[{"embeddable":true,"href":"https:\/\/www.lesdeuxvallees.com\/nl\/wp-json\/wp\/v2\/media\/1061"}],"wp:attachment":[{"href":"https:\/\/www.lesdeuxvallees.com\/nl\/wp-json\/wp\/v2\/media?parent=2413"}],"curies":[{"name":"wp","href":"https:\/\/api.w.org\/{rel}","templated":true}]}}